{"id":2136,"date":"2020-03-31T08:02:54","date_gmt":"2020-03-31T08:02:54","guid":{"rendered":"https:\/\/www.opravyodevu-rudna.cz\/?post_type=product&#038;p=2136"},"modified":"2020-04-10T11:16:08","modified_gmt":"2020-04-10T11:16:08","slug":"cerveno-bila-rouska-s-cervenou-hvezdou","status":"publish","type":"product","link":"https:\/\/www.opravyodevu-rudna.cz\/index.php\/produkt\/cerveno-bila-rouska-s-cervenou-hvezdou\/","title":{"rendered":"\u010cerveno-b\u00edl\u00e1 rou\u0161ka s \u010dervenou hv\u011bzdou"},"content":{"rendered":"","protected":false},"excerpt":{"rendered":"","protected":false},"featured_media":2137,"comment_status":"closed","ping_status":"closed","template":"","meta":{"site-sidebar-layout":"default","site-content-layout":"default","ast-global-header-display":"","ast-main-header-display":"","ast-hfb-above-header-display":"","ast-hfb-below-header-display":"","ast-hfb-mobile-header-display":"","site-post-title":"","ast-breadcrumbs-content":"","ast-featured-img":"","footer-sml-layout":"","theme-transparent-header-meta":"default","adv-header-id-meta":"","stick-header-meta":"","header-above-stick-meta":"","header-main-stick-meta":"","header-below-stick-meta":""},"product_cat":[32,35],"product_tag":[],"yoast_head":"<!-- This site is optimized with the Yoast SEO plugin v20.1 - https:\/\/yoast.com\/wordpress\/plugins\/seo\/ -->\n<title>\u010cerveno-b\u00edl\u00e1 rou\u0161ka s \u010dervenou hv\u011bzdou -<\/title>\n<meta name=\"robots\" content=\"index, follow, max-snippet:-1, max-image-preview:large, max-video-preview:-1\" \/>\n<link rel=\"canonical\" href=\"https:\/\/www.opravyodevu-rudna.cz\/index.php\/produkt\/cerveno-bila-rouska-s-cervenou-hvezdou\/\" \/>\n<meta property=\"og:locale\" content=\"cs_CZ\" \/>\n<meta property=\"og:type\" content=\"article\" \/>\n<meta property=\"og:title\" content=\"\u010cerveno-b\u00edl\u00e1 rou\u0161ka s \u010dervenou hv\u011bzdou -\" \/>\n<meta property=\"og:url\" content=\"https:\/\/www.opravyodevu-rudna.cz\/index.php\/produkt\/cerveno-bila-rouska-s-cervenou-hvezdou\/\" \/>\n<meta property=\"article:modified_time\" content=\"2020-04-10T11:16:08+00:00\" \/>\n<meta property=\"og:image\" content=\"https:\/\/www.opravyodevu-rudna.cz\/wp-content\/uploads\/2020\/03\/IMG_3658-e1585641876809.jpg\" \/>\n\t<meta property=\"og:image:width\" content=\"4032\" \/>\n\t<meta property=\"og:image:height\" content=\"3024\" \/>\n\t<meta property=\"og:image:type\" content=\"image\/jpeg\" \/>\n<meta name=\"twitter:card\" content=\"summary_large_image\" \/>\n<script type=\"application\/ld+json\" class=\"yoast-schema-graph\">{\"@context\":\"https:\/\/schema.org\",\"@graph\":[{\"@type\":\"WebPage\",\"@id\":\"https:\/\/www.opravyodevu-rudna.cz\/index.php\/produkt\/cerveno-bila-rouska-s-cervenou-hvezdou\/\",\"url\":\"https:\/\/www.opravyodevu-rudna.cz\/index.php\/produkt\/cerveno-bila-rouska-s-cervenou-hvezdou\/\",\"name\":\"\u010cerveno-b\u00edl\u00e1 rou\u0161ka s \u010dervenou hv\u011bzdou -\",\"isPartOf\":{\"@id\":\"https:\/\/www.opravyodevu-rudna.cz\/#website\"},\"datePublished\":\"2020-03-31T08:02:54+00:00\",\"dateModified\":\"2020-04-10T11:16:08+00:00\",\"breadcrumb\":{\"@id\":\"https:\/\/www.opravyodevu-rudna.cz\/index.php\/produkt\/cerveno-bila-rouska-s-cervenou-hvezdou\/#breadcrumb\"},\"inLanguage\":\"cs\",\"potentialAction\":[{\"@type\":\"ReadAction\",\"target\":[\"https:\/\/www.opravyodevu-rudna.cz\/index.php\/produkt\/cerveno-bila-rouska-s-cervenou-hvezdou\/\"]}]},{\"@type\":\"BreadcrumbList\",\"@id\":\"https:\/\/www.opravyodevu-rudna.cz\/index.php\/produkt\/cerveno-bila-rouska-s-cervenou-hvezdou\/#breadcrumb\",\"itemListElement\":[{\"@type\":\"ListItem\",\"position\":1,\"name\":\"Dom\u016f\",\"item\":\"https:\/\/www.opravyodevu-rudna.cz\/\"},{\"@type\":\"ListItem\",\"position\":2,\"name\":\"Obchod\",\"item\":\"https:\/\/www.opravyodevu-rudna.cz\/index.php\/obchod\/\"},{\"@type\":\"ListItem\",\"position\":3,\"name\":\"\u010cerveno-b\u00edl\u00e1 rou\u0161ka s \u010dervenou hv\u011bzdou\"}]},{\"@type\":\"WebSite\",\"@id\":\"https:\/\/www.opravyodevu-rudna.cz\/#website\",\"url\":\"https:\/\/www.opravyodevu-rudna.cz\/\",\"name\":\"Opravyod\u011bv\u016f-Rudn\u00e1\",\"description\":\"\",\"publisher\":{\"@id\":\"https:\/\/www.opravyodevu-rudna.cz\/#organization\"},\"potentialAction\":[{\"@type\":\"SearchAction\",\"target\":{\"@type\":\"EntryPoint\",\"urlTemplate\":\"https:\/\/www.opravyodevu-rudna.cz\/?s={search_term_string}\"},\"query-input\":\"required name=search_term_string\"}],\"inLanguage\":\"cs\"},{\"@type\":\"Organization\",\"@id\":\"https:\/\/www.opravyodevu-rudna.cz\/#organization\",\"name\":\"Opravyod\u011bv\u016f-Rudn\u00e1\",\"url\":\"https:\/\/www.opravyodevu-rudna.cz\/\",\"logo\":{\"@type\":\"ImageObject\",\"inLanguage\":\"cs\",\"@id\":\"https:\/\/www.opravyodevu-rudna.cz\/#\/schema\/logo\/image\/\",\"url\":\"https:\/\/www.opravyodevu-rudna.cz\/wp-content\/uploads\/2019\/01\/logo-opravy-2019-s-\u010dern\u00fdm-pozad\u00edm.png\",\"contentUrl\":\"https:\/\/www.opravyodevu-rudna.cz\/wp-content\/uploads\/2019\/01\/logo-opravy-2019-s-\u010dern\u00fdm-pozad\u00edm.png\",\"width\":1920,\"height\":1080,\"caption\":\"Opravyod\u011bv\u016f-Rudn\u00e1\"},\"image\":{\"@id\":\"https:\/\/www.opravyodevu-rudna.cz\/#\/schema\/logo\/image\/\"}}]}<\/script>\n<!-- \/ Yoast SEO plugin. -->","yoast_head_json":{"title":"\u010cerveno-b\u00edl\u00e1 rou\u0161ka s \u010dervenou hv\u011bzdou -","robots":{"index":"index","follow":"follow","max-snippet":"max-snippet:-1","max-image-preview":"max-image-preview:large","max-video-preview":"max-video-preview:-1"},"canonical":"https:\/\/www.opravyodevu-rudna.cz\/index.php\/produkt\/cerveno-bila-rouska-s-cervenou-hvezdou\/","og_locale":"cs_CZ","og_type":"article","og_title":"\u010cerveno-b\u00edl\u00e1 rou\u0161ka s \u010dervenou hv\u011bzdou -","og_url":"https:\/\/www.opravyodevu-rudna.cz\/index.php\/produkt\/cerveno-bila-rouska-s-cervenou-hvezdou\/","article_modified_time":"2020-04-10T11:16:08+00:00","og_image":[{"width":4032,"height":3024,"url":"https:\/\/www.opravyodevu-rudna.cz\/wp-content\/uploads\/2020\/03\/IMG_3658-e1585641876809.jpg","type":"image\/jpeg"}],"twitter_card":"summary_large_image","schema":{"@context":"https:\/\/schema.org","@graph":[{"@type":"WebPage","@id":"https:\/\/www.opravyodevu-rudna.cz\/index.php\/produkt\/cerveno-bila-rouska-s-cervenou-hvezdou\/","url":"https:\/\/www.opravyodevu-rudna.cz\/index.php\/produkt\/cerveno-bila-rouska-s-cervenou-hvezdou\/","name":"\u010cerveno-b\u00edl\u00e1 rou\u0161ka s \u010dervenou hv\u011bzdou -","isPartOf":{"@id":"https:\/\/www.opravyodevu-rudna.cz\/#website"},"datePublished":"2020-03-31T08:02:54+00:00","dateModified":"2020-04-10T11:16:08+00:00","breadcrumb":{"@id":"https:\/\/www.opravyodevu-rudna.cz\/index.php\/produkt\/cerveno-bila-rouska-s-cervenou-hvezdou\/#breadcrumb"},"inLanguage":"cs","potentialAction":[{"@type":"ReadAction","target":["https:\/\/www.opravyodevu-rudna.cz\/index.php\/produkt\/cerveno-bila-rouska-s-cervenou-hvezdou\/"]}]},{"@type":"BreadcrumbList","@id":"https:\/\/www.opravyodevu-rudna.cz\/index.php\/produkt\/cerveno-bila-rouska-s-cervenou-hvezdou\/#breadcrumb","itemListElement":[{"@type":"ListItem","position":1,"name":"Dom\u016f","item":"https:\/\/www.opravyodevu-rudna.cz\/"},{"@type":"ListItem","position":2,"name":"Obchod","item":"https:\/\/www.opravyodevu-rudna.cz\/index.php\/obchod\/"},{"@type":"ListItem","position":3,"name":"\u010cerveno-b\u00edl\u00e1 rou\u0161ka s \u010dervenou hv\u011bzdou"}]},{"@type":"WebSite","@id":"https:\/\/www.opravyodevu-rudna.cz\/#website","url":"https:\/\/www.opravyodevu-rudna.cz\/","name":"Opravyod\u011bv\u016f-Rudn\u00e1","description":"","publisher":{"@id":"https:\/\/www.opravyodevu-rudna.cz\/#organization"},"potentialAction":[{"@type":"SearchAction","target":{"@type":"EntryPoint","urlTemplate":"https:\/\/www.opravyodevu-rudna.cz\/?s={search_term_string}"},"query-input":"required name=search_term_string"}],"inLanguage":"cs"},{"@type":"Organization","@id":"https:\/\/www.opravyodevu-rudna.cz\/#organization","name":"Opravyod\u011bv\u016f-Rudn\u00e1","url":"https:\/\/www.opravyodevu-rudna.cz\/","logo":{"@type":"ImageObject","inLanguage":"cs","@id":"https:\/\/www.opravyodevu-rudna.cz\/#\/schema\/logo\/image\/","url":"https:\/\/www.opravyodevu-rudna.cz\/wp-content\/uploads\/2019\/01\/logo-opravy-2019-s-\u010dern\u00fdm-pozad\u00edm.png","contentUrl":"https:\/\/www.opravyodevu-rudna.cz\/wp-content\/uploads\/2019\/01\/logo-opravy-2019-s-\u010dern\u00fdm-pozad\u00edm.png","width":1920,"height":1080,"caption":"Opravyod\u011bv\u016f-Rudn\u00e1"},"image":{"@id":"https:\/\/www.opravyodevu-rudna.cz\/#\/schema\/logo\/image\/"}}]}},"_links":{"self":[{"href":"https:\/\/www.opravyodevu-rudna.cz\/index.php\/wp-json\/wp\/v2\/product\/2136"}],"collection":[{"href":"https:\/\/www.opravyodevu-rudna.cz\/index.php\/wp-json\/wp\/v2\/product"}],"about":[{"href":"https:\/\/www.opravyodevu-rudna.cz\/index.php\/wp-json\/wp\/v2\/types\/product"}],"replies":[{"embeddable":true,"href":"https:\/\/www.opravyodevu-rudna.cz\/index.php\/wp-json\/wp\/v2\/comments?post=2136"}],"wp:featuredmedia":[{"embeddable":true,"href":"https:\/\/www.opravyodevu-rudna.cz\/index.php\/wp-json\/wp\/v2\/media\/2137"}],"wp:attachment":[{"href":"https:\/\/www.opravyodevu-rudna.cz\/index.php\/wp-json\/wp\/v2\/media?parent=2136"}],"wp:term":[{"taxonomy":"product_cat","embeddable":true,"href":"https:\/\/www.opravyodevu-rudna.cz\/index.php\/wp-json\/wp\/v2\/product_cat?post=2136"},{"taxonomy":"product_tag","embeddable":true,"href":"https:\/\/www.opravyodevu-rudna.cz\/index.php\/wp-json\/wp\/v2\/product_tag?post=2136"}],"curies":[{"name":"wp","href":"https:\/\/api.w.org\/{rel}","templated":true}]}}