{"id":2079,"date":"2020-03-29T12:08:35","date_gmt":"2020-03-29T12:08:35","guid":{"rendered":"https:\/\/www.opravyodevu-rudna.cz\/?post_type=product&#038;p=2079"},"modified":"2020-04-10T14:03:28","modified_gmt":"2020-04-10T14:03:28","slug":"rouska-motiv-noviny","status":"publish","type":"product","link":"https:\/\/www.opravyodevu-rudna.cz\/index.php\/produkt\/rouska-motiv-noviny\/","title":{"rendered":"Rou\u0161ka motiv-noviny"},"content":{"rendered":"","protected":false},"excerpt":{"rendered":"<p>Rou\u0161ka u\u0161ita ze dvou vrstev 100% bavlny, vnit\u0159n\u00ed kapsa na filter.<\/p>\n<p>Rou\u0161ky m\u016f\u017eete pr\u00e1t i na 90\u00b0C pr\u00e1\u0161kem na barevn\u00e9 pr\u00e1dlo.<\/p>\n","protected":false},"featured_media":2182,"comment_status":"closed","ping_status":"closed","template":"","meta":{"site-sidebar-layout":"default","site-content-layout":"default","ast-global-header-display":"","ast-main-header-display":"","ast-hfb-above-header-display":"","ast-hfb-below-header-display":"","ast-hfb-mobile-header-display":"","site-post-title":"","ast-breadcrumbs-content":"","ast-featured-img":"","footer-sml-layout":"","theme-transparent-header-meta":"default","adv-header-id-meta":"","stick-header-meta":"","header-above-stick-meta":"","header-main-stick-meta":"","header-below-stick-meta":""},"product_cat":[33],"product_tag":[],"yoast_head":"<!-- This site is optimized with the Yoast SEO plugin v20.1 - https:\/\/yoast.com\/wordpress\/plugins\/seo\/ -->\n<title>Rou\u0161ka motiv-noviny -<\/title>\n<meta name=\"robots\" content=\"index, follow, max-snippet:-1, max-image-preview:large, max-video-preview:-1\" \/>\n<link rel=\"canonical\" href=\"https:\/\/www.opravyodevu-rudna.cz\/index.php\/produkt\/rouska-motiv-noviny\/\" \/>\n<meta property=\"og:locale\" content=\"cs_CZ\" \/>\n<meta property=\"og:type\" content=\"article\" \/>\n<meta property=\"og:title\" content=\"Rou\u0161ka motiv-noviny -\" \/>\n<meta property=\"og:description\" content=\"Rou\u0161ka u\u0161ita ze dvou vrstev 100% bavlny, vnit\u0159n\u00ed kapsa na filter.  Rou\u0161ky m\u016f\u017eete pr\u00e1t i na 90\u00b0C pr\u00e1\u0161kem na barevn\u00e9 pr\u00e1dlo.\" \/>\n<meta property=\"og:url\" content=\"https:\/\/www.opravyodevu-rudna.cz\/index.php\/produkt\/rouska-motiv-noviny\/\" \/>\n<meta property=\"article:modified_time\" content=\"2020-04-10T14:03:28+00:00\" \/>\n<meta property=\"og:image\" content=\"https:\/\/www.opravyodevu-rudna.cz\/wp-content\/uploads\/2020\/03\/2f93096d-42a6-47d9-97eb-4cc3113aaa80.jpg\" \/>\n\t<meta property=\"og:image:width\" content=\"768\" \/>\n\t<meta property=\"og:image:height\" content=\"1024\" \/>\n\t<meta property=\"og:image:type\" content=\"image\/jpeg\" \/>\n<meta name=\"twitter:card\" content=\"summary_large_image\" \/>\n<script type=\"application\/ld+json\" class=\"yoast-schema-graph\">{\"@context\":\"https:\/\/schema.org\",\"@graph\":[{\"@type\":\"WebPage\",\"@id\":\"https:\/\/www.opravyodevu-rudna.cz\/index.php\/produkt\/rouska-motiv-noviny\/\",\"url\":\"https:\/\/www.opravyodevu-rudna.cz\/index.php\/produkt\/rouska-motiv-noviny\/\",\"name\":\"Rou\u0161ka motiv-noviny -\",\"isPartOf\":{\"@id\":\"https:\/\/www.opravyodevu-rudna.cz\/#website\"},\"datePublished\":\"2020-03-29T12:08:35+00:00\",\"dateModified\":\"2020-04-10T14:03:28+00:00\",\"breadcrumb\":{\"@id\":\"https:\/\/www.opravyodevu-rudna.cz\/index.php\/produkt\/rouska-motiv-noviny\/#breadcrumb\"},\"inLanguage\":\"cs\",\"potentialAction\":[{\"@type\":\"ReadAction\",\"target\":[\"https:\/\/www.opravyodevu-rudna.cz\/index.php\/produkt\/rouska-motiv-noviny\/\"]}]},{\"@type\":\"BreadcrumbList\",\"@id\":\"https:\/\/www.opravyodevu-rudna.cz\/index.php\/produkt\/rouska-motiv-noviny\/#breadcrumb\",\"itemListElement\":[{\"@type\":\"ListItem\",\"position\":1,\"name\":\"Dom\u016f\",\"item\":\"https:\/\/www.opravyodevu-rudna.cz\/\"},{\"@type\":\"ListItem\",\"position\":2,\"name\":\"Obchod\",\"item\":\"https:\/\/www.opravyodevu-rudna.cz\/index.php\/obchod\/\"},{\"@type\":\"ListItem\",\"position\":3,\"name\":\"Rou\u0161ka motiv-noviny\"}]},{\"@type\":\"WebSite\",\"@id\":\"https:\/\/www.opravyodevu-rudna.cz\/#website\",\"url\":\"https:\/\/www.opravyodevu-rudna.cz\/\",\"name\":\"Opravyod\u011bv\u016f-Rudn\u00e1\",\"description\":\"\",\"publisher\":{\"@id\":\"https:\/\/www.opravyodevu-rudna.cz\/#organization\"},\"potentialAction\":[{\"@type\":\"SearchAction\",\"target\":{\"@type\":\"EntryPoint\",\"urlTemplate\":\"https:\/\/www.opravyodevu-rudna.cz\/?s={search_term_string}\"},\"query-input\":\"required name=search_term_string\"}],\"inLanguage\":\"cs\"},{\"@type\":\"Organization\",\"@id\":\"https:\/\/www.opravyodevu-rudna.cz\/#organization\",\"name\":\"Opravyod\u011bv\u016f-Rudn\u00e1\",\"url\":\"https:\/\/www.opravyodevu-rudna.cz\/\",\"logo\":{\"@type\":\"ImageObject\",\"inLanguage\":\"cs\",\"@id\":\"https:\/\/www.opravyodevu-rudna.cz\/#\/schema\/logo\/image\/\",\"url\":\"https:\/\/www.opravyodevu-rudna.cz\/wp-content\/uploads\/2019\/01\/logo-opravy-2019-s-\u010dern\u00fdm-pozad\u00edm.png\",\"contentUrl\":\"https:\/\/www.opravyodevu-rudna.cz\/wp-content\/uploads\/2019\/01\/logo-opravy-2019-s-\u010dern\u00fdm-pozad\u00edm.png\",\"width\":1920,\"height\":1080,\"caption\":\"Opravyod\u011bv\u016f-Rudn\u00e1\"},\"image\":{\"@id\":\"https:\/\/www.opravyodevu-rudna.cz\/#\/schema\/logo\/image\/\"}}]}<\/script>\n<!-- \/ Yoast SEO plugin. -->","yoast_head_json":{"title":"Rou\u0161ka motiv-noviny -","robots":{"index":"index","follow":"follow","max-snippet":"max-snippet:-1","max-image-preview":"max-image-preview:large","max-video-preview":"max-video-preview:-1"},"canonical":"https:\/\/www.opravyodevu-rudna.cz\/index.php\/produkt\/rouska-motiv-noviny\/","og_locale":"cs_CZ","og_type":"article","og_title":"Rou\u0161ka motiv-noviny -","og_description":"Rou\u0161ka u\u0161ita ze dvou vrstev 100% bavlny, vnit\u0159n\u00ed kapsa na filter.  Rou\u0161ky m\u016f\u017eete pr\u00e1t i na 90\u00b0C pr\u00e1\u0161kem na barevn\u00e9 pr\u00e1dlo.","og_url":"https:\/\/www.opravyodevu-rudna.cz\/index.php\/produkt\/rouska-motiv-noviny\/","article_modified_time":"2020-04-10T14:03:28+00:00","og_image":[{"width":768,"height":1024,"url":"https:\/\/www.opravyodevu-rudna.cz\/wp-content\/uploads\/2020\/03\/2f93096d-42a6-47d9-97eb-4cc3113aaa80.jpg","type":"image\/jpeg"}],"twitter_card":"summary_large_image","schema":{"@context":"https:\/\/schema.org","@graph":[{"@type":"WebPage","@id":"https:\/\/www.opravyodevu-rudna.cz\/index.php\/produkt\/rouska-motiv-noviny\/","url":"https:\/\/www.opravyodevu-rudna.cz\/index.php\/produkt\/rouska-motiv-noviny\/","name":"Rou\u0161ka motiv-noviny -","isPartOf":{"@id":"https:\/\/www.opravyodevu-rudna.cz\/#website"},"datePublished":"2020-03-29T12:08:35+00:00","dateModified":"2020-04-10T14:03:28+00:00","breadcrumb":{"@id":"https:\/\/www.opravyodevu-rudna.cz\/index.php\/produkt\/rouska-motiv-noviny\/#breadcrumb"},"inLanguage":"cs","potentialAction":[{"@type":"ReadAction","target":["https:\/\/www.opravyodevu-rudna.cz\/index.php\/produkt\/rouska-motiv-noviny\/"]}]},{"@type":"BreadcrumbList","@id":"https:\/\/www.opravyodevu-rudna.cz\/index.php\/produkt\/rouska-motiv-noviny\/#breadcrumb","itemListElement":[{"@type":"ListItem","position":1,"name":"Dom\u016f","item":"https:\/\/www.opravyodevu-rudna.cz\/"},{"@type":"ListItem","position":2,"name":"Obchod","item":"https:\/\/www.opravyodevu-rudna.cz\/index.php\/obchod\/"},{"@type":"ListItem","position":3,"name":"Rou\u0161ka motiv-noviny"}]},{"@type":"WebSite","@id":"https:\/\/www.opravyodevu-rudna.cz\/#website","url":"https:\/\/www.opravyodevu-rudna.cz\/","name":"Opravyod\u011bv\u016f-Rudn\u00e1","description":"","publisher":{"@id":"https:\/\/www.opravyodevu-rudna.cz\/#organization"},"potentialAction":[{"@type":"SearchAction","target":{"@type":"EntryPoint","urlTemplate":"https:\/\/www.opravyodevu-rudna.cz\/?s={search_term_string}"},"query-input":"required name=search_term_string"}],"inLanguage":"cs"},{"@type":"Organization","@id":"https:\/\/www.opravyodevu-rudna.cz\/#organization","name":"Opravyod\u011bv\u016f-Rudn\u00e1","url":"https:\/\/www.opravyodevu-rudna.cz\/","logo":{"@type":"ImageObject","inLanguage":"cs","@id":"https:\/\/www.opravyodevu-rudna.cz\/#\/schema\/logo\/image\/","url":"https:\/\/www.opravyodevu-rudna.cz\/wp-content\/uploads\/2019\/01\/logo-opravy-2019-s-\u010dern\u00fdm-pozad\u00edm.png","contentUrl":"https:\/\/www.opravyodevu-rudna.cz\/wp-content\/uploads\/2019\/01\/logo-opravy-2019-s-\u010dern\u00fdm-pozad\u00edm.png","width":1920,"height":1080,"caption":"Opravyod\u011bv\u016f-Rudn\u00e1"},"image":{"@id":"https:\/\/www.opravyodevu-rudna.cz\/#\/schema\/logo\/image\/"}}]}},"_links":{"self":[{"href":"https:\/\/www.opravyodevu-rudna.cz\/index.php\/wp-json\/wp\/v2\/product\/2079"}],"collection":[{"href":"https:\/\/www.opravyodevu-rudna.cz\/index.php\/wp-json\/wp\/v2\/product"}],"about":[{"href":"https:\/\/www.opravyodevu-rudna.cz\/index.php\/wp-json\/wp\/v2\/types\/product"}],"replies":[{"embeddable":true,"href":"https:\/\/www.opravyodevu-rudna.cz\/index.php\/wp-json\/wp\/v2\/comments?post=2079"}],"wp:featuredmedia":[{"embeddable":true,"href":"https:\/\/www.opravyodevu-rudna.cz\/index.php\/wp-json\/wp\/v2\/media\/2182"}],"wp:attachment":[{"href":"https:\/\/www.opravyodevu-rudna.cz\/index.php\/wp-json\/wp\/v2\/media?parent=2079"}],"wp:term":[{"taxonomy":"product_cat","embeddable":true,"href":"https:\/\/www.opravyodevu-rudna.cz\/index.php\/wp-json\/wp\/v2\/product_cat?post=2079"},{"taxonomy":"product_tag","embeddable":true,"href":"https:\/\/www.opravyodevu-rudna.cz\/index.php\/wp-json\/wp\/v2\/product_tag?post=2079"}],"curies":[{"name":"wp","href":"https:\/\/api.w.org\/{rel}","templated":true}]}}