{"id":1567,"date":"2019-01-25T22:34:37","date_gmt":"2019-01-25T22:34:37","guid":{"rendered":"https:\/\/www.opravyodevu-rudna.cz\/?page_id=1567"},"modified":"2025-03-27T08:20:01","modified_gmt":"2025-03-27T08:20:01","slug":"provozovna","status":"publish","type":"page","link":"https:\/\/www.opravyodevu-rudna.cz\/index.php\/provozovna\/","title":{"rendered":"Provozovna"},"content":{"rendered":"\t\t<div data-elementor-type=\"wp-post\" data-elementor-id=\"1567\" class=\"elementor elementor-1567\">\n\t\t\t\t\t\t<div class=\"elementor-inner\">\n\t\t\t\t<div class=\"elementor-section-wrap\">\n\t\t\t\t\t\t\t\t\t<section class=\"elementor-section elementor-top-section elementor-element elementor-element-670d4070 elementor-section-stretched elementor-section-boxed elementor-section-height-default elementor-section-height-default\" data-id=\"670d4070\" data-element_type=\"section\" data-settings=\"{&quot;background_background&quot;:&quot;classic&quot;,&quot;stretch_section&quot;:&quot;section-stretched&quot;}\">\n\t\t\t\t\t\t<div class=\"elementor-container elementor-column-gap-default\">\n\t\t\t\t\t\t\t<div class=\"elementor-row\">\n\t\t\t\t\t<div class=\"elementor-column elementor-col-100 elementor-top-column elementor-element elementor-element-5a341ed9\" data-id=\"5a341ed9\" data-element_type=\"column\">\n\t\t\t<div class=\"elementor-column-wrap elementor-element-populated\">\n\t\t\t\t\t\t\t<div class=\"elementor-widget-wrap\">\n\t\t\t\t\t\t<div class=\"elementor-element elementor-element-50b501bd elementor-widget elementor-widget-heading\" data-id=\"50b501bd\" data-element_type=\"widget\" data-widget_type=\"heading.default\">\n\t\t\t\t<div class=\"elementor-widget-container\">\n\t\t\t<h2 class=\"elementor-heading-title elementor-size-large\">Kontakty<\/h2>\t\t<\/div>\n\t\t\t\t<\/div>\n\t\t\t\t\t\t<\/div>\n\t\t\t\t\t<\/div>\n\t\t<\/div>\n\t\t\t\t\t\t\t\t<\/div>\n\t\t\t\t\t<\/div>\n\t\t<\/section>\n\t\t\t\t<section class=\"elementor-section elementor-top-section elementor-element elementor-element-dff43fb elementor-section-content-middle elementor-section-stretched elementor-section-boxed elementor-section-height-default elementor-section-height-default\" data-id=\"dff43fb\" data-element_type=\"section\" data-settings=\"{&quot;background_background&quot;:&quot;classic&quot;,&quot;stretch_section&quot;:&quot;section-stretched&quot;}\">\n\t\t\t\t\t\t<div class=\"elementor-container elementor-column-gap-no\">\n\t\t\t\t\t\t\t<div class=\"elementor-row\">\n\t\t\t\t\t<div class=\"elementor-column elementor-col-50 elementor-top-column elementor-element elementor-element-3554171e animated-slow elementor-invisible\" data-id=\"3554171e\" data-element_type=\"column\" data-settings=\"{&quot;background_background&quot;:&quot;classic&quot;,&quot;animation&quot;:&quot;fadeInLeft&quot;}\">\n\t\t\t<div class=\"elementor-column-wrap elementor-element-populated\">\n\t\t\t\t\t\t\t<div class=\"elementor-widget-wrap\">\n\t\t\t\t\t\t<div class=\"elementor-element elementor-element-126cc3d0 elementor-view-default elementor-widget elementor-widget-icon\" data-id=\"126cc3d0\" data-element_type=\"widget\" data-widget_type=\"icon.default\">\n\t\t\t\t<div class=\"elementor-widget-container\">\n\t\t\t\t\t<div class=\"elementor-icon-wrapper\">\n\t\t\t<div class=\"elementor-icon\">\n\t\t\t\t\t\t\t<i class=\"fa fa-address-card\" aria-hidden=\"true\"><\/i>\n\t\t\t\t\t\t<\/div>\n\t\t<\/div>\n\t\t\t\t<\/div>\n\t\t\t\t<\/div>\n\t\t\t\t<div class=\"elementor-element elementor-element-1bea2e94 elementor-widget elementor-widget-text-editor\" data-id=\"1bea2e94\" data-element_type=\"widget\" data-widget_type=\"text-editor.default\">\n\t\t\t\t<div class=\"elementor-widget-container\">\n\t\t\t\t\t\t\t\t<div class=\"elementor-text-editor elementor-clearfix\">\n\t\t\t\t<p>Najdete n\u00e1s v Rudn\u00e9,Praha z\u00e1pad<\/p>\t\t\t\t\t<\/div>\n\t\t\t\t\t\t<\/div>\n\t\t\t\t<\/div>\n\t\t\t\t<div class=\"elementor-element elementor-element-70989fd1 elementor-widget elementor-widget-heading\" data-id=\"70989fd1\" data-element_type=\"widget\" data-widget_type=\"heading.default\">\n\t\t\t\t<div class=\"elementor-widget-container\">\n\t\t\t<p class=\"elementor-heading-title elementor-size-large\">Opravy od\u011bvu<\/p>\t\t<\/div>\n\t\t\t\t<\/div>\n\t\t\t\t\t\t<\/div>\n\t\t\t\t\t<\/div>\n\t\t<\/div>\n\t\t\t\t<div class=\"elementor-column elementor-col-50 elementor-top-column elementor-element elementor-element-2667191e animated-slow elementor-invisible\" data-id=\"2667191e\" data-element_type=\"column\" data-settings=\"{&quot;animation&quot;:&quot;fadeInRight&quot;}\">\n\t\t\t<div class=\"elementor-column-wrap elementor-element-populated\">\n\t\t\t\t\t\t\t<div class=\"elementor-widget-wrap\">\n\t\t\t\t\t\t<div class=\"elementor-element elementor-element-256ecb2c elementor-widget elementor-widget-image-carousel\" data-id=\"256ecb2c\" data-element_type=\"widget\" data-settings=\"{&quot;slides_to_show&quot;:&quot;1&quot;,&quot;navigation&quot;:&quot;none&quot;,&quot;autoplay&quot;:&quot;yes&quot;,&quot;pause_on_hover&quot;:&quot;yes&quot;,&quot;pause_on_interaction&quot;:&quot;yes&quot;,&quot;autoplay_speed&quot;:5000,&quot;infinite&quot;:&quot;yes&quot;,&quot;effect&quot;:&quot;slide&quot;,&quot;speed&quot;:500}\" data-widget_type=\"image-carousel.default\">\n\t\t\t\t<div class=\"elementor-widget-container\">\n\t\t\t\t\t<div class=\"elementor-image-carousel-wrapper swiper-container\" dir=\"ltr\">\n\t\t\t<div class=\"elementor-image-carousel swiper-wrapper\">\n\t\t\t\t\t\t\t\t<div class=\"swiper-slide\"><figure class=\"swiper-slide-inner\"><img decoding=\"async\" class=\"swiper-slide-image\" src=\"https:\/\/www.opravyodevu-rudna.cz\/wp-content\/uploads\/2019\/02\/opravy-provozovna-prvn\u00ed-paro.jpg\" alt=\"opravy provozovna prvn\u00ed paro\" \/><\/figure><\/div><div class=\"swiper-slide\"><figure class=\"swiper-slide-inner\"><img decoding=\"async\" class=\"swiper-slide-image\" src=\"https:\/\/www.opravyodevu-rudna.cz\/wp-content\/uploads\/2019\/02\/provozovna.jpg\" alt=\"provozovna\" \/><\/figure><\/div>\t\t\t<\/div>\n\t\t\t\t\t\t\t\t\t\t\t\t\t\t\t\t<\/div>\n\t\t\t\t<\/div>\n\t\t\t\t<\/div>\n\t\t\t\t\t\t<\/div>\n\t\t\t\t\t<\/div>\n\t\t<\/div>\n\t\t\t\t\t\t\t\t<\/div>\n\t\t\t\t\t<\/div>\n\t\t<\/section>\n\t\t\t\t<section class=\"elementor-section elementor-top-section elementor-element elementor-element-101c9486 elementor-section-content-middle elementor-reverse-mobile elementor-section-stretched elementor-section-boxed elementor-section-height-default elementor-section-height-default\" data-id=\"101c9486\" data-element_type=\"section\" data-settings=\"{&quot;background_background&quot;:&quot;classic&quot;,&quot;stretch_section&quot;:&quot;section-stretched&quot;}\">\n\t\t\t\t\t\t<div class=\"elementor-container elementor-column-gap-no\">\n\t\t\t\t\t\t\t<div class=\"elementor-row\">\n\t\t\t\t\t<div class=\"elementor-column elementor-col-50 elementor-top-column elementor-element elementor-element-69759abf animated-slow elementor-invisible\" data-id=\"69759abf\" data-element_type=\"column\" data-settings=\"{&quot;background_background&quot;:&quot;classic&quot;,&quot;animation&quot;:&quot;fadeInLeft&quot;,&quot;animation_delay&quot;:400}\">\n\t\t\t<div class=\"elementor-column-wrap elementor-element-populated\">\n\t\t\t\t\t\t\t<div class=\"elementor-widget-wrap\">\n\t\t\t\t\t\t<div class=\"elementor-element elementor-element-9a92986 elementor-widget elementor-widget-google_maps\" data-id=\"9a92986\" data-element_type=\"widget\" data-widget_type=\"google_maps.default\">\n\t\t\t\t<div class=\"elementor-widget-container\">\n\t\t\t\t\t<div class=\"elementor-custom-embed\">\n\t\t\t<iframe loading=\"lazy\"\n\t\t\t\t\tsrc=\"https:\/\/maps.google.com\/maps?q=Rudn%C3%A1%2CHavl%C3%AD%C4%8Dkovo%20n%C3%A1m%C4%9Bst%C3%AD%201439%2F33&#038;t=m&#038;z=15&#038;output=embed&#038;iwloc=near\"\n\t\t\t\t\ttitle=\"Rudn\u00e1,Havl\u00ed\u010dkovo n\u00e1m\u011bst\u00ed 1439\/33\"\n\t\t\t\t\taria-label=\"Rudn\u00e1,Havl\u00ed\u010dkovo n\u00e1m\u011bst\u00ed 1439\/33\"\n\t\t\t><\/iframe>\n\t\t<\/div>\n\t\t\t\t<\/div>\n\t\t\t\t<\/div>\n\t\t\t\t\t\t<\/div>\n\t\t\t\t\t<\/div>\n\t\t<\/div>\n\t\t\t\t<div class=\"elementor-column elementor-col-50 elementor-top-column elementor-element elementor-element-62be3023 animated-slow elementor-invisible\" data-id=\"62be3023\" data-element_type=\"column\" data-settings=\"{&quot;background_background&quot;:&quot;classic&quot;,&quot;animation&quot;:&quot;fadeInRight&quot;,&quot;animation_delay&quot;:400}\">\n\t\t\t<div class=\"elementor-column-wrap elementor-element-populated\">\n\t\t\t\t\t\t\t<div class=\"elementor-widget-wrap\">\n\t\t\t\t\t\t<div class=\"elementor-element elementor-element-6d405acb elementor-widget elementor-widget-heading\" data-id=\"6d405acb\" data-element_type=\"widget\" data-widget_type=\"heading.default\">\n\t\t\t\t<div class=\"elementor-widget-container\">\n\t\t\t<p class=\"elementor-heading-title elementor-size-large\">Havl\u00ed\u010dkovo n\u00e1m\u011bst\u00ed \u010d.p. 1439\/33\n<\/p>\t\t<\/div>\n\t\t\t\t<\/div>\n\t\t\t\t<div class=\"elementor-element elementor-element-4d41b07f elementor-align-left elementor-icon-list--layout-traditional elementor-list-item-link-full_width elementor-widget elementor-widget-icon-list\" data-id=\"4d41b07f\" data-element_type=\"widget\" data-widget_type=\"icon-list.default\">\n\t\t\t\t<div class=\"elementor-widget-container\">\n\t\t\t\t\t<ul class=\"elementor-icon-list-items\">\n\t\t\t\t\t\t\t<li class=\"elementor-icon-list-item\">\n\t\t\t\t\t\t\t\t\t\t\t<span class=\"elementor-icon-list-icon\">\n\t\t\t\t\t\t\t<i aria-hidden=\"true\" class=\"fas fa-sort-up\"><\/i>\t\t\t\t\t\t<\/span>\n\t\t\t\t\t\t\t\t\t\t<span class=\"elementor-icon-list-text\">Prvn\u00ed patro<\/span>\n\t\t\t\t\t\t\t\t\t<\/li>\n\t\t\t\t\t\t\t\t<li class=\"elementor-icon-list-item\">\n\t\t\t\t\t\t\t\t\t\t\t<span class=\"elementor-icon-list-icon\">\n\t\t\t\t\t\t\t<i aria-hidden=\"true\" class=\"fas fa-phone\"><\/i>\t\t\t\t\t\t<\/span>\n\t\t\t\t\t\t\t\t\t\t<span class=\"elementor-icon-list-text\">601 500 669<\/span>\n\t\t\t\t\t\t\t\t\t<\/li>\n\t\t\t\t\t\t\t\t<li class=\"elementor-icon-list-item\">\n\t\t\t\t\t\t\t\t\t\t\t<span class=\"elementor-icon-list-icon\">\n\t\t\t\t\t\t\t<i aria-hidden=\"true\" class=\"fas fa-envelope\"><\/i>\t\t\t\t\t\t<\/span>\n\t\t\t\t\t\t\t\t\t\t<span class=\"elementor-icon-list-text\">info@opravyodevu-rudna.cz<\/span>\n\t\t\t\t\t\t\t\t\t<\/li>\n\t\t\t\t\t\t<\/ul>\n\t\t\t\t<\/div>\n\t\t\t\t<\/div>\n\t\t\t\t\t\t<\/div>\n\t\t\t\t\t<\/div>\n\t\t<\/div>\n\t\t\t\t\t\t\t\t<\/div>\n\t\t\t\t\t<\/div>\n\t\t<\/section>\n\t\t\t\t<section class=\"elementor-section elementor-top-section elementor-element elementor-element-e58b964 elementor-section-stretched elementor-section-boxed elementor-section-height-default elementor-section-height-default\" data-id=\"e58b964\" data-element_type=\"section\" data-settings=\"{&quot;background_background&quot;:&quot;classic&quot;,&quot;stretch_section&quot;:&quot;section-stretched&quot;}\">\n\t\t\t\t\t\t<div class=\"elementor-container elementor-column-gap-narrow\">\n\t\t\t\t\t\t\t<div class=\"elementor-row\">\n\t\t\t\t\t<div class=\"elementor-column elementor-col-100 elementor-top-column elementor-element elementor-element-71ca5ff\" data-id=\"71ca5ff\" data-element_type=\"column\">\n\t\t\t<div class=\"elementor-column-wrap elementor-element-populated\">\n\t\t\t\t\t\t\t<div class=\"elementor-widget-wrap\">\n\t\t\t\t\t\t<div class=\"elementor-element elementor-element-c832c8b animated-slow elementor-invisible elementor-widget elementor-widget-heading\" data-id=\"c832c8b\" data-element_type=\"widget\" data-settings=\"{&quot;_animation&quot;:&quot;zoomIn&quot;}\" data-widget_type=\"heading.default\">\n\t\t\t\t<div class=\"elementor-widget-container\">\n\t\t\t<h6 class=\"elementor-heading-title elementor-size-default\">T\u011b\u0161\u00edme se na V\u00e1s!<\/h6>\t\t<\/div>\n\t\t\t\t<\/div>\n\t\t\t\t<div class=\"elementor-element elementor-element-a47d1e3 elementor-align-center elementor-widget elementor-widget-button\" data-id=\"a47d1e3\" data-element_type=\"widget\" data-widget_type=\"button.default\">\n\t\t\t\t<div class=\"elementor-widget-container\">\n\t\t\t\t\t<div class=\"elementor-button-wrapper\">\n\t\t\t<a href=\"https:\/\/www.opravyodevu-rudna.cz\/?preview_nonce=1568e3292e#\" class=\"elementor-button-link elementor-button elementor-size-sm\" role=\"button\">\n\t\t\t\t\t\t<span class=\"elementor-button-content-wrapper\">\n\t\t\t\t\t\t<span class=\"elementor-button-text\">Zp\u011bt na uvodn\u00ed str\u00e1nku<\/span>\n\t\t<\/span>\n\t\t\t\t\t<\/a>\n\t\t<\/div>\n\t\t\t\t<\/div>\n\t\t\t\t<\/div>\n\t\t\t\t\t\t<\/div>\n\t\t\t\t\t<\/div>\n\t\t<\/div>\n\t\t\t\t\t\t\t\t<\/div>\n\t\t\t\t\t<\/div>\n\t\t<\/section>\n\t\t\t\t\t\t\t\t\t<\/div>\n\t\t\t<\/div>\n\t\t\t\t\t<\/div>\n\t\t","protected":false},"excerpt":{"rendered":"<p>Kontakty Najdete n\u00e1s v Rudn\u00e9,Praha z\u00e1pad Opravy od\u011bvu Havl\u00ed\u010dkovo n\u00e1m\u011bst\u00ed \u010d.p. 1439\/33 Prvn\u00ed patro 601 500 669 info@opravyodevu-rudna.cz T\u011b\u0161\u00edme se na V\u00e1s! Zp\u011bt na uvodn\u00ed str\u00e1nku<\/p>\n","protected":false},"author":1,"featured_media":0,"parent":0,"menu_order":0,"comment_status":"closed","ping_status":"closed","template":"elementor_canvas","meta":{"site-sidebar-layout":"no-sidebar","site-content-layout":"page-builder","ast-global-header-display":"","ast-main-header-display":"","ast-hfb-above-header-display":"","ast-hfb-below-header-display":"","ast-hfb-mobile-header-display":"","site-post-title":"disabled","ast-breadcrumbs-content":"","ast-featured-img":"disabled","footer-sml-layout":"","theme-transparent-header-meta":"","adv-header-id-meta":"","stick-header-meta":"","header-above-stick-meta":"","header-main-stick-meta":"","header-below-stick-meta":""},"yoast_head":"<!-- This site is optimized with the Yoast SEO plugin v20.1 - https:\/\/yoast.com\/wordpress\/plugins\/seo\/ -->\n<title>Provozovna -<\/title>\n<meta name=\"robots\" content=\"index, follow, max-snippet:-1, max-image-preview:large, max-video-preview:-1\" \/>\n<link rel=\"canonical\" href=\"https:\/\/www.opravyodevu-rudna.cz\/index.php\/provozovna\/\" \/>\n<meta property=\"og:locale\" content=\"cs_CZ\" \/>\n<meta property=\"og:type\" content=\"article\" \/>\n<meta property=\"og:title\" content=\"Provozovna -\" \/>\n<meta property=\"og:description\" content=\"Kontakty Najdete n\u00e1s v Rudn\u00e9,Praha z\u00e1pad Opravy od\u011bvu Havl\u00ed\u010dkovo n\u00e1m\u011bst\u00ed \u010d.p. 1439\/33 Prvn\u00ed patro 601 500 669 info@opravyodevu-rudna.cz T\u011b\u0161\u00edme se na V\u00e1s! Zp\u011bt na uvodn\u00ed str\u00e1nku\" \/>\n<meta property=\"og:url\" content=\"https:\/\/www.opravyodevu-rudna.cz\/index.php\/provozovna\/\" \/>\n<meta property=\"article:modified_time\" content=\"2025-03-27T08:20:01+00:00\" \/>\n<meta property=\"og:image\" content=\"https:\/\/www.opravyodevu-rudna.cz\/wp-content\/uploads\/2019\/02\/provozovna.jpg\" \/>\n<meta name=\"twitter:card\" content=\"summary_large_image\" \/>\n<meta name=\"twitter:label1\" content=\"Odhadovan\u00e1 doba \u010dten\u00ed\" \/>\n\t<meta name=\"twitter:data1\" content=\"1 minuta\" \/>\n<script type=\"application\/ld+json\" class=\"yoast-schema-graph\">{\"@context\":\"https:\/\/schema.org\",\"@graph\":[{\"@type\":\"WebPage\",\"@id\":\"https:\/\/www.opravyodevu-rudna.cz\/index.php\/provozovna\/\",\"url\":\"https:\/\/www.opravyodevu-rudna.cz\/index.php\/provozovna\/\",\"name\":\"Provozovna -\",\"isPartOf\":{\"@id\":\"https:\/\/www.opravyodevu-rudna.cz\/#website\"},\"datePublished\":\"2019-01-25T22:34:37+00:00\",\"dateModified\":\"2025-03-27T08:20:01+00:00\",\"breadcrumb\":{\"@id\":\"https:\/\/www.opravyodevu-rudna.cz\/index.php\/provozovna\/#breadcrumb\"},\"inLanguage\":\"cs\",\"potentialAction\":[{\"@type\":\"ReadAction\",\"target\":[\"https:\/\/www.opravyodevu-rudna.cz\/index.php\/provozovna\/\"]}]},{\"@type\":\"BreadcrumbList\",\"@id\":\"https:\/\/www.opravyodevu-rudna.cz\/index.php\/provozovna\/#breadcrumb\",\"itemListElement\":[{\"@type\":\"ListItem\",\"position\":1,\"name\":\"Dom\u016f\",\"item\":\"https:\/\/www.opravyodevu-rudna.cz\/\"},{\"@type\":\"ListItem\",\"position\":2,\"name\":\"Provozovna\"}]},{\"@type\":\"WebSite\",\"@id\":\"https:\/\/www.opravyodevu-rudna.cz\/#website\",\"url\":\"https:\/\/www.opravyodevu-rudna.cz\/\",\"name\":\"Opravyod\u011bv\u016f-Rudn\u00e1\",\"description\":\"\",\"publisher\":{\"@id\":\"https:\/\/www.opravyodevu-rudna.cz\/#organization\"},\"potentialAction\":[{\"@type\":\"SearchAction\",\"target\":{\"@type\":\"EntryPoint\",\"urlTemplate\":\"https:\/\/www.opravyodevu-rudna.cz\/?s={search_term_string}\"},\"query-input\":\"required name=search_term_string\"}],\"inLanguage\":\"cs\"},{\"@type\":\"Organization\",\"@id\":\"https:\/\/www.opravyodevu-rudna.cz\/#organization\",\"name\":\"Opravyod\u011bv\u016f-Rudn\u00e1\",\"url\":\"https:\/\/www.opravyodevu-rudna.cz\/\",\"logo\":{\"@type\":\"ImageObject\",\"inLanguage\":\"cs\",\"@id\":\"https:\/\/www.opravyodevu-rudna.cz\/#\/schema\/logo\/image\/\",\"url\":\"https:\/\/www.opravyodevu-rudna.cz\/wp-content\/uploads\/2019\/01\/logo-opravy-2019-s-\u010dern\u00fdm-pozad\u00edm.png\",\"contentUrl\":\"https:\/\/www.opravyodevu-rudna.cz\/wp-content\/uploads\/2019\/01\/logo-opravy-2019-s-\u010dern\u00fdm-pozad\u00edm.png\",\"width\":1920,\"height\":1080,\"caption\":\"Opravyod\u011bv\u016f-Rudn\u00e1\"},\"image\":{\"@id\":\"https:\/\/www.opravyodevu-rudna.cz\/#\/schema\/logo\/image\/\"}}]}<\/script>\n<!-- \/ Yoast SEO plugin. -->","yoast_head_json":{"title":"Provozovna -","robots":{"index":"index","follow":"follow","max-snippet":"max-snippet:-1","max-image-preview":"max-image-preview:large","max-video-preview":"max-video-preview:-1"},"canonical":"https:\/\/www.opravyodevu-rudna.cz\/index.php\/provozovna\/","og_locale":"cs_CZ","og_type":"article","og_title":"Provozovna -","og_description":"Kontakty Najdete n\u00e1s v Rudn\u00e9,Praha z\u00e1pad Opravy od\u011bvu Havl\u00ed\u010dkovo n\u00e1m\u011bst\u00ed \u010d.p. 1439\/33 Prvn\u00ed patro 601 500 669 info@opravyodevu-rudna.cz T\u011b\u0161\u00edme se na V\u00e1s! Zp\u011bt na uvodn\u00ed str\u00e1nku","og_url":"https:\/\/www.opravyodevu-rudna.cz\/index.php\/provozovna\/","article_modified_time":"2025-03-27T08:20:01+00:00","og_image":[{"url":"https:\/\/www.opravyodevu-rudna.cz\/wp-content\/uploads\/2019\/02\/provozovna.jpg"}],"twitter_card":"summary_large_image","twitter_misc":{"Odhadovan\u00e1 doba \u010dten\u00ed":"1 minuta"},"schema":{"@context":"https:\/\/schema.org","@graph":[{"@type":"WebPage","@id":"https:\/\/www.opravyodevu-rudna.cz\/index.php\/provozovna\/","url":"https:\/\/www.opravyodevu-rudna.cz\/index.php\/provozovna\/","name":"Provozovna -","isPartOf":{"@id":"https:\/\/www.opravyodevu-rudna.cz\/#website"},"datePublished":"2019-01-25T22:34:37+00:00","dateModified":"2025-03-27T08:20:01+00:00","breadcrumb":{"@id":"https:\/\/www.opravyodevu-rudna.cz\/index.php\/provozovna\/#breadcrumb"},"inLanguage":"cs","potentialAction":[{"@type":"ReadAction","target":["https:\/\/www.opravyodevu-rudna.cz\/index.php\/provozovna\/"]}]},{"@type":"BreadcrumbList","@id":"https:\/\/www.opravyodevu-rudna.cz\/index.php\/provozovna\/#breadcrumb","itemListElement":[{"@type":"ListItem","position":1,"name":"Dom\u016f","item":"https:\/\/www.opravyodevu-rudna.cz\/"},{"@type":"ListItem","position":2,"name":"Provozovna"}]},{"@type":"WebSite","@id":"https:\/\/www.opravyodevu-rudna.cz\/#website","url":"https:\/\/www.opravyodevu-rudna.cz\/","name":"Opravyod\u011bv\u016f-Rudn\u00e1","description":"","publisher":{"@id":"https:\/\/www.opravyodevu-rudna.cz\/#organization"},"potentialAction":[{"@type":"SearchAction","target":{"@type":"EntryPoint","urlTemplate":"https:\/\/www.opravyodevu-rudna.cz\/?s={search_term_string}"},"query-input":"required name=search_term_string"}],"inLanguage":"cs"},{"@type":"Organization","@id":"https:\/\/www.opravyodevu-rudna.cz\/#organization","name":"Opravyod\u011bv\u016f-Rudn\u00e1","url":"https:\/\/www.opravyodevu-rudna.cz\/","logo":{"@type":"ImageObject","inLanguage":"cs","@id":"https:\/\/www.opravyodevu-rudna.cz\/#\/schema\/logo\/image\/","url":"https:\/\/www.opravyodevu-rudna.cz\/wp-content\/uploads\/2019\/01\/logo-opravy-2019-s-\u010dern\u00fdm-pozad\u00edm.png","contentUrl":"https:\/\/www.opravyodevu-rudna.cz\/wp-content\/uploads\/2019\/01\/logo-opravy-2019-s-\u010dern\u00fdm-pozad\u00edm.png","width":1920,"height":1080,"caption":"Opravyod\u011bv\u016f-Rudn\u00e1"},"image":{"@id":"https:\/\/www.opravyodevu-rudna.cz\/#\/schema\/logo\/image\/"}}]}},"_links":{"self":[{"href":"https:\/\/www.opravyodevu-rudna.cz\/index.php\/wp-json\/wp\/v2\/pages\/1567"}],"collection":[{"href":"https:\/\/www.opravyodevu-rudna.cz\/index.php\/wp-json\/wp\/v2\/pages"}],"about":[{"href":"https:\/\/www.opravyodevu-rudna.cz\/index.php\/wp-json\/wp\/v2\/types\/page"}],"author":[{"embeddable":true,"href":"https:\/\/www.opravyodevu-rudna.cz\/index.php\/wp-json\/wp\/v2\/users\/1"}],"replies":[{"embeddable":true,"href":"https:\/\/www.opravyodevu-rudna.cz\/index.php\/wp-json\/wp\/v2\/comments?post=1567"}],"version-history":[{"count":24,"href":"https:\/\/www.opravyodevu-rudna.cz\/index.php\/wp-json\/wp\/v2\/pages\/1567\/revisions"}],"predecessor-version":[{"id":2586,"href":"https:\/\/www.opravyodevu-rudna.cz\/index.php\/wp-json\/wp\/v2\/pages\/1567\/revisions\/2586"}],"wp:attachment":[{"href":"https:\/\/www.opravyodevu-rudna.cz\/index.php\/wp-json\/wp\/v2\/media?parent=1567"}],"curies":[{"name":"wp","href":"https:\/\/api.w.org\/{rel}","templated":true}]}}